{"id":177,"date":"2017-08-21T18:13:44","date_gmt":"2017-08-21T16:13:44","guid":{"rendered":"http:\/\/apreslaclasse.net\/?page_id=177"},"modified":"2023-03-19T10:14:59","modified_gmt":"2023-03-19T09:14:59","slug":"a-propos","status":"publish","type":"page","link":"https:\/\/apreslaclasse.net\/index.php\/a-propos\/","title":{"rendered":"A propos"},"content":{"rendered":"<h2>Mon parcours<\/h2>\n<ul style=\"list-style-type: disc;\">\n<li><span style=\"color: #000000;\">2013-2014 : GS<\/span><\/li>\n<li><span style=\"color: #000000;\">2014-2015 :\u00a0 CE1\/CE2<\/span><\/li>\n<li><span style=\"color: #000000;\">2015-2016 : TRS (2 CP\/CE1, CE1, CE1\/CE2)<\/span><\/li>\n<li><span style=\"color: #000000;\">2016-2018 : en disponibilit\u00e9<\/span><\/li>\n<li><span style=\"color: #000000;\">2018-2021 : rempla\u00e7ante de circo<\/span><\/li>\n<li><span style=\"color: #000000;\">2021-2022 : CM2 (mi-temps)<\/span><\/li>\n<li><span style=\"color: #000000;\">2022-2023 : CM2<\/span><\/li>\n<\/ul>\n<h2><span style=\"color: #000000;\">Pourquoi ce blog ?<br \/>\n<\/span><\/h2>\n<h3>&#8211; L&rsquo;envie de partager et d&rsquo;\u00e9changer<\/h3>\n<p><span style=\"color: #000000;\">J&rsquo;ai eu la chance de partir vivre \u00e0 l&rsquo;\u00e9tranger pendant deux ans. \u00ab\u00a0Apr\u00e8s la classe\u00a0\u00bb est n\u00e9 durant cette mise en disponibilit\u00e9. Avoir la possibilit\u00e9 de prendre du recul sur sa pratique, de lire, de se former est une v\u00e9ritable chance ! <\/span><span style=\"color: #000000;\">J&rsquo;ai aussi eu le temps de cr\u00e9er quelques ressources. Mais que faire de mes recherches et de mes outils non test\u00e9s en classe ? <\/span><\/p>\n<p><span style=\"color: #000000;\">C&rsquo;est ainsi que m&rsquo;est venue l&rsquo;envie de partager ici une partie de mon travail.<br \/>\n<\/span><\/p>\n<h3><span style=\"color: #000000;\">&#8211; L&rsquo;envie d&rsquo;aider<\/span><\/h3>\n<p><span style=\"color: #000000;\">Je parcours aussi r\u00e9guli\u00e8rement diff\u00e9rents groupes Facebook destin\u00e9s aux professeurs des \u00e9coles : j&rsquo;y lis souvent les m\u00eames interrogations que celles que j&rsquo;avais lorsque j&rsquo;ai d\u00e9but\u00e9. Ce blog me permet de vous faire part de mon exp\u00e9rience et de mes erreurs\/maladresses. <\/span><\/p>\n<p><strong><span style=\"color: #3366ff;\">J\u2019esp\u00e8re que vous trouverez sur ce blog des r\u00e9ponses \u00e0 vos questions et plein d\u2019ondes positives !<\/span><\/strong><\/p>\n<p><span style=\"color: #000000;\">Vous pouvez me suivre sur :<\/span><\/p>\n<ul>\n<li><span style=\"color: #000000;\">sur <a href=\"https:\/\/www.facebook.com\/blogapreslaclasse\/\" target=\"_blank\" rel=\"noopener noreferrer\">Facebook<\/a><\/span><\/li>\n<li><span style=\"color: #000000;\">Sur <a href=\"https:\/\/www.pinterest.fr\/aprslaclasse\/\" target=\"_blank\" rel=\"noopener noreferrer\">Pinterest<\/a> :<\/span><\/li>\n<\/ul>\n<p><span style=\"color: #000000;\">Vous pouvez aussi me contacter \u00e0 l&rsquo;adresse suivante : <\/span><strong><span style=\"color: #993366;\"><span style=\"color: #000000;\">contact@apreslaclasse.net<\/span><\/span><\/strong><\/p>\n<hr \/>\n<p><span style=\"color: #000000;\">Apr\u00e8s La Classe est inscrit au Programme Partenaires d\u2019Amazon Europe SARL.<\/span><\/p>\n","protected":false},"excerpt":{"rendered":"<p>Mon parcours 2013-2014 : GS 2014-2015 :\u00a0 CE1\/CE2 2015-2016 : TRS (2 CP\/CE1, CE1, CE1\/CE2) 2016-2018 : en disponibilit\u00e9 2018-2021 : rempla\u00e7ante de circo 2021-2022 : CM2 (mi-temps) 2022-2023 : CM2 Pourquoi ce blog ? &#8211; L&rsquo;envie de partager et d&rsquo;\u00e9changer J&rsquo;ai eu la chance de partir vivre \u00e0 l&rsquo;\u00e9tranger pendant deux ans. \u00ab\u00a0Apr\u00e8s la [&hellip;]<\/p>\n","protected":false},"author":1,"featured_media":0,"parent":0,"menu_order":0,"comment_status":"closed","ping_status":"closed","template":"","meta":[],"jetpack_sharing_enabled":true,"jetpack_shortlink":"https:\/\/wp.me\/P96XsV-2R","_links":{"self":[{"href":"https:\/\/apreslaclasse.net\/index.php\/wp-json\/wp\/v2\/pages\/177"}],"collection":[{"href":"https:\/\/apreslaclasse.net\/index.php\/wp-json\/wp\/v2\/pages"}],"about":[{"href":"https:\/\/apreslaclasse.net\/index.php\/wp-json\/wp\/v2\/types\/page"}],"author":[{"embeddable":true,"href":"https:\/\/apreslaclasse.net\/index.php\/wp-json\/wp\/v2\/users\/1"}],"replies":[{"embeddable":true,"href":"https:\/\/apreslaclasse.net\/index.php\/wp-json\/wp\/v2\/comments?post=177"}],"version-history":[{"count":18,"href":"https:\/\/apreslaclasse.net\/index.php\/wp-json\/wp\/v2\/pages\/177\/revisions"}],"predecessor-version":[{"id":2046,"href":"https:\/\/apreslaclasse.net\/index.php\/wp-json\/wp\/v2\/pages\/177\/revisions\/2046"}],"wp:attachment":[{"href":"https:\/\/apreslaclasse.net\/index.php\/wp-json\/wp\/v2\/media?parent=177"}],"curies":[{"name":"wp","href":"https:\/\/api.w.org\/{rel}","templated":true}]}}